{"id":423,"date":"2026-03-11T22:10:08","date_gmt":"2026-03-12T02:10:08","guid":{"rendered":"https:\/\/arjemca.com\/store\/?post_type=product&#038;p=423"},"modified":"2026-03-11T22:10:22","modified_gmt":"2026-03-12T02:10:22","slug":"25-maneras-de-ganarse-a-la-gente","status":"publish","type":"product","link":"https:\/\/arjemca.com\/store\/producto\/25-maneras-de-ganarse-a-la-gente\/","title":{"rendered":"25 Maneras de Ganarse a la Gente"},"content":{"rendered":"<p>\u00ab25 Maneras de Ganarse a la Gente\u00bb de John C. Maxwell ofrece principios pr\u00e1cticos para mejorar las relaciones interpersonales, enfoc\u00e1ndose en hacer sentir valorados a los dem\u00e1s. La idea central es que al elevar a las personas, estas te ayudar\u00e1n a tener \u00e9xito. El libro estructura estas acciones en cinco factores cr\u00edticos: disposici\u00f3n, conexi\u00f3n, confianza, inversi\u00f3n y sinergia, bas\u00e1ndose en la idea de que el \u00e9xito relacional proviene de fortalecer conexiones, no solo de tener carisma.<\/p>\n","protected":false},"excerpt":{"rendered":"<p><a href=\"https:\/\/arjemca.com\/store\/wp-content\/uploads\/2025\/05\/pago_movil.png\"><img loading=\"lazy\" decoding=\"async\" class=\"alignnone size-full wp-image-196\" src=\"https:\/\/arjemca.com\/store\/wp-content\/uploads\/2025\/05\/pago_movil.png\" alt=\"\" width=\"272\" height=\"414\" srcset=\"https:\/\/arjemca.com\/store\/wp-content\/uploads\/2025\/05\/pago_movil.png 272w, https:\/\/arjemca.com\/store\/wp-content\/uploads\/2025\/05\/pago_movil-197x300.png 197w, https:\/\/arjemca.com\/store\/wp-content\/uploads\/2025\/05\/pago_movil-131x200.png 131w\" sizes=\"auto, (max-width: 272px) 100vw, 272px\" \/><\/a><\/p>\n<p>Enviar capture al celular:\u00a0<strong>0416-8822572<\/strong><\/p>\n","protected":false},"featured_media":424,"comment_status":"open","ping_status":"closed","template":"","meta":{"jetpack_post_was_ever_published":false,"_joinchat":[],"jetpack_publicize_message":"","jetpack_publicize_feature_enabled":true,"jetpack_social_post_already_shared":true,"jetpack_social_options":{"image_generator_settings":{"template":"highway","default_image_id":0,"font":"","enabled":false},"version":2}},"product_brand":[28],"product_cat":[38],"product_tag":[39],"class_list":{"0":"post-423","1":"product","2":"type-product","3":"status-publish","4":"has-post-thumbnail","6":"product_brand-editorial-arjemca","7":"product_cat-e-books","8":"product_tag-ebooks","10":"first","11":"instock","12":"virtual","13":"taxable","14":"purchasable","15":"product-type-simple"},"jetpack_publicize_connections":[],"jetpack_sharing_enabled":true,"jetpack-related-posts":[{"id":425,"url":"https:\/\/arjemca.com\/store\/producto\/como-ganarse-a-la-gente\/","url_meta":{"origin":423,"position":0},"title":"C\u00f3mo ganarse a la Gente","author":"Admin","date":"14\/03\/2026","format":false,"excerpt":"Enviar capture al celular:\u00a00416-8822572","rel":"","context":"Entrada similar","block_context":{"text":"Entrada similar","link":""},"img":{"alt_text":"","src":"https:\/\/i0.wp.com\/arjemca.com\/store\/wp-content\/uploads\/2026\/03\/Flyer-10.png?resize=350%2C200&ssl=1","width":350,"height":200,"srcset":"https:\/\/i0.wp.com\/arjemca.com\/store\/wp-content\/uploads\/2026\/03\/Flyer-10.png?resize=350%2C200&ssl=1 1x, https:\/\/i0.wp.com\/arjemca.com\/store\/wp-content\/uploads\/2026\/03\/Flyer-10.png?resize=525%2C300&ssl=1 1.5x, https:\/\/i0.wp.com\/arjemca.com\/store\/wp-content\/uploads\/2026\/03\/Flyer-10.png?resize=700%2C400&ssl=1 2x, https:\/\/i0.wp.com\/arjemca.com\/store\/wp-content\/uploads\/2026\/03\/Flyer-10.png?resize=1050%2C600&ssl=1 3x"},"classes":[]},{"id":406,"url":"https:\/\/arjemca.com\/store\/producto\/metas\/","url_meta":{"origin":423,"position":1},"title":"Metas","author":"Admin","date":"06\/03\/2026","format":false,"excerpt":"Env\u00eda el capture al 0416-8822572","rel":"","context":"Entrada similar","block_context":{"text":"Entrada similar","link":""},"img":{"alt_text":"","src":"https:\/\/i0.wp.com\/arjemca.com\/store\/wp-content\/uploads\/2026\/03\/Flyer-3.png?resize=350%2C200&ssl=1","width":350,"height":200,"srcset":"https:\/\/i0.wp.com\/arjemca.com\/store\/wp-content\/uploads\/2026\/03\/Flyer-3.png?resize=350%2C200&ssl=1 1x, https:\/\/i0.wp.com\/arjemca.com\/store\/wp-content\/uploads\/2026\/03\/Flyer-3.png?resize=525%2C300&ssl=1 1.5x, https:\/\/i0.wp.com\/arjemca.com\/store\/wp-content\/uploads\/2026\/03\/Flyer-3.png?resize=700%2C400&ssl=1 2x, https:\/\/i0.wp.com\/arjemca.com\/store\/wp-content\/uploads\/2026\/03\/Flyer-3.png?resize=1050%2C600&ssl=1 3x"},"classes":[]},{"id":198,"url":"https:\/\/arjemca.com\/store\/producto\/los-88-peldanos-del-exito\/","url_meta":{"origin":423,"position":2},"title":"Los 88 Pelda\u00f1os del \u00c9xito","author":"Admin","date":"23\/05\/2025","format":false,"excerpt":"Enviar capture al celular:\u00a00416-8822572","rel":"","context":"Entrada similar","block_context":{"text":"Entrada similar","link":""},"img":{"alt_text":"","src":"https:\/\/i0.wp.com\/arjemca.com\/store\/wp-content\/uploads\/2025\/05\/Flyer.png?resize=350%2C200&ssl=1","width":350,"height":200,"srcset":"https:\/\/i0.wp.com\/arjemca.com\/store\/wp-content\/uploads\/2025\/05\/Flyer.png?resize=350%2C200&ssl=1 1x, https:\/\/i0.wp.com\/arjemca.com\/store\/wp-content\/uploads\/2025\/05\/Flyer.png?resize=525%2C300&ssl=1 1.5x, https:\/\/i0.wp.com\/arjemca.com\/store\/wp-content\/uploads\/2025\/05\/Flyer.png?resize=700%2C400&ssl=1 2x, https:\/\/i0.wp.com\/arjemca.com\/store\/wp-content\/uploads\/2025\/05\/Flyer.png?resize=1050%2C600&ssl=1 3x"},"classes":[]},{"id":228,"url":"https:\/\/arjemca.com\/store\/producto\/101-ideas-creativas-para-maestros\/","url_meta":{"origin":423,"position":3},"title":"101 Ideas Creativas para Maestros","author":"Admin","date":"05\/07\/2025","format":false,"excerpt":"Enviar capture al celular:\u00a00416-8822572","rel":"","context":"Entrada similar","block_context":{"text":"Entrada similar","link":""},"img":{"alt_text":"","src":"https:\/\/i0.wp.com\/arjemca.com\/store\/wp-content\/uploads\/2025\/07\/Flyer-4.png?resize=350%2C200&ssl=1","width":350,"height":200,"srcset":"https:\/\/i0.wp.com\/arjemca.com\/store\/wp-content\/uploads\/2025\/07\/Flyer-4.png?resize=350%2C200&ssl=1 1x, https:\/\/i0.wp.com\/arjemca.com\/store\/wp-content\/uploads\/2025\/07\/Flyer-4.png?resize=525%2C300&ssl=1 1.5x, https:\/\/i0.wp.com\/arjemca.com\/store\/wp-content\/uploads\/2025\/07\/Flyer-4.png?resize=700%2C400&ssl=1 2x, https:\/\/i0.wp.com\/arjemca.com\/store\/wp-content\/uploads\/2025\/07\/Flyer-4.png?resize=1050%2C600&ssl=1 3x"},"classes":[]},{"id":419,"url":"https:\/\/arjemca.com\/store\/producto\/vendele-a-la-mente-no-a-la-gente\/","url_meta":{"origin":423,"position":4},"title":"Vendele a la Mente no a la Gente","author":"Admin","date":"10\/03\/2026","format":false,"excerpt":"Enviar capture al celular:\u00a00416-8822572","rel":"","context":"Entrada similar","block_context":{"text":"Entrada similar","link":""},"img":{"alt_text":"","src":"https:\/\/i0.wp.com\/arjemca.com\/store\/wp-content\/uploads\/2026\/03\/Flyer-8.png?resize=350%2C200&ssl=1","width":350,"height":200,"srcset":"https:\/\/i0.wp.com\/arjemca.com\/store\/wp-content\/uploads\/2026\/03\/Flyer-8.png?resize=350%2C200&ssl=1 1x, https:\/\/i0.wp.com\/arjemca.com\/store\/wp-content\/uploads\/2026\/03\/Flyer-8.png?resize=525%2C300&ssl=1 1.5x, https:\/\/i0.wp.com\/arjemca.com\/store\/wp-content\/uploads\/2026\/03\/Flyer-8.png?resize=700%2C400&ssl=1 2x, https:\/\/i0.wp.com\/arjemca.com\/store\/wp-content\/uploads\/2026\/03\/Flyer-8.png?resize=1050%2C600&ssl=1 3x"},"classes":[]},{"id":229,"url":"https:\/\/arjemca.com\/store\/producto\/gente-toxica\/","url_meta":{"origin":423,"position":5},"title":"Gente T\u00f3xica","author":"Admin","date":"05\/07\/2025","format":false,"excerpt":"Enviar capture al celular:\u00a00416-8822572","rel":"","context":"Entrada similar","block_context":{"text":"Entrada similar","link":""},"img":{"alt_text":"","src":"https:\/\/i0.wp.com\/arjemca.com\/store\/wp-content\/uploads\/2025\/07\/Flyer.png?resize=350%2C200&ssl=1","width":350,"height":200,"srcset":"https:\/\/i0.wp.com\/arjemca.com\/store\/wp-content\/uploads\/2025\/07\/Flyer.png?resize=350%2C200&ssl=1 1x, https:\/\/i0.wp.com\/arjemca.com\/store\/wp-content\/uploads\/2025\/07\/Flyer.png?resize=525%2C300&ssl=1 1.5x, https:\/\/i0.wp.com\/arjemca.com\/store\/wp-content\/uploads\/2025\/07\/Flyer.png?resize=700%2C400&ssl=1 2x, https:\/\/i0.wp.com\/arjemca.com\/store\/wp-content\/uploads\/2025\/07\/Flyer.png?resize=1050%2C600&ssl=1 3x"},"classes":[]}],"_links":{"self":[{"href":"https:\/\/arjemca.com\/store\/wp-json\/wp\/v2\/product\/423","targetHints":{"allow":["GET"]}}],"collection":[{"href":"https:\/\/arjemca.com\/store\/wp-json\/wp\/v2\/product"}],"about":[{"href":"https:\/\/arjemca.com\/store\/wp-json\/wp\/v2\/types\/product"}],"replies":[{"embeddable":true,"href":"https:\/\/arjemca.com\/store\/wp-json\/wp\/v2\/comments?post=423"}],"wp:featuredmedia":[{"embeddable":true,"href":"https:\/\/arjemca.com\/store\/wp-json\/wp\/v2\/media\/424"}],"wp:attachment":[{"href":"https:\/\/arjemca.com\/store\/wp-json\/wp\/v2\/media?parent=423"}],"wp:term":[{"taxonomy":"product_brand","embeddable":true,"href":"https:\/\/arjemca.com\/store\/wp-json\/wp\/v2\/product_brand?post=423"},{"taxonomy":"product_cat","embeddable":true,"href":"https:\/\/arjemca.com\/store\/wp-json\/wp\/v2\/product_cat?post=423"},{"taxonomy":"product_tag","embeddable":true,"href":"https:\/\/arjemca.com\/store\/wp-json\/wp\/v2\/product_tag?post=423"}],"curies":[{"name":"wp","href":"https:\/\/api.w.org\/{rel}","templated":true}]}}