{"id":417,"date":"2026-03-08T00:18:08","date_gmt":"2026-03-08T04:18:08","guid":{"rendered":"https:\/\/arjemca.com\/store\/?post_type=product&#038;p=417"},"modified":"2026-03-08T00:18:58","modified_gmt":"2026-03-08T04:18:58","slug":"el-secreto-poder-de-las-metas","status":"publish","type":"product","link":"https:\/\/arjemca.com\/store\/producto\/el-secreto-poder-de-las-metas\/","title":{"rendered":"El Secreto Poder de las Metas"},"content":{"rendered":"<p><span class=\"N9Q8Lc\">\u00abEl secreto poder de las metas\u00bb\u00a0<\/span><mark class=\"HxTRcb\" data-sfc-cb=\"\" data-processed=\"true\"><span class=\"N9Q8Lc\">radica en que programan la mente para el \u00e9xito, convirtiendo deseos en resultados tangibles al proporcionar direcci\u00f3n, enfoque y motivaci\u00f3n constante<\/span><\/mark><span class=\"N9Q8Lc\">. Establecer objetivos claros libera energ\u00eda, aumenta la persistencia y permite dise\u00f1ar el futuro deseado, siendo la clave para lograr cualquier prop\u00f3sito.<\/span><span class=\"uJ19be notranslate\" data-wiz-uids=\"NADKBc_c,NADKBc_d\" data-sfc-cb=\"\" data-processed=\"true\"><span class=\"vKEkVd\" data-animation-atomic=\"\" data-wiz-attrbind=\"class=NADKBc_b\/TKHnVd\" data-processed=\"true\"><span aria-hidden=\"true\" data-processed=\"true\">\u00a0<\/span><\/span><\/span><\/p>\n","protected":false},"excerpt":{"rendered":"<p><a href=\"https:\/\/arjemca.com\/store\/wp-content\/uploads\/2025\/05\/pago_movil.png\"><img loading=\"lazy\" decoding=\"async\" class=\"alignnone size-full wp-image-196\" src=\"https:\/\/arjemca.com\/store\/wp-content\/uploads\/2025\/05\/pago_movil.png\" alt=\"\" width=\"272\" height=\"414\" srcset=\"https:\/\/arjemca.com\/store\/wp-content\/uploads\/2025\/05\/pago_movil.png 272w, https:\/\/arjemca.com\/store\/wp-content\/uploads\/2025\/05\/pago_movil-197x300.png 197w, https:\/\/arjemca.com\/store\/wp-content\/uploads\/2025\/05\/pago_movil-131x200.png 131w\" sizes=\"auto, (max-width: 272px) 100vw, 272px\" \/><\/a><\/p>\n<p>Env\u00eda el capture al 0416-8822572<\/p>\n","protected":false},"featured_media":418,"comment_status":"open","ping_status":"closed","template":"","meta":{"jetpack_post_was_ever_published":false,"_joinchat":[],"jetpack_publicize_message":"","jetpack_publicize_feature_enabled":true,"jetpack_social_post_already_shared":true,"jetpack_social_options":{"image_generator_settings":{"template":"highway","default_image_id":0,"font":"","enabled":false},"version":2}},"product_brand":[28],"product_cat":[38],"product_tag":[39],"class_list":{"0":"post-417","1":"product","2":"type-product","3":"status-publish","4":"has-post-thumbnail","6":"product_brand-editorial-arjemca","7":"product_cat-e-books","8":"product_tag-ebooks","10":"first","11":"instock","12":"virtual","13":"taxable","14":"purchasable","15":"product-type-simple"},"jetpack_publicize_connections":[],"jetpack_sharing_enabled":true,"jetpack-related-posts":[{"id":406,"url":"https:\/\/arjemca.com\/store\/producto\/metas\/","url_meta":{"origin":417,"position":0},"title":"Metas","author":"Admin","date":"06\/03\/2026","format":false,"excerpt":"Env\u00eda el capture al 0416-8822572","rel":"","context":"Entrada similar","block_context":{"text":"Entrada similar","link":""},"img":{"alt_text":"","src":"https:\/\/i0.wp.com\/arjemca.com\/store\/wp-content\/uploads\/2026\/03\/Flyer-3.png?resize=350%2C200&ssl=1","width":350,"height":200,"srcset":"https:\/\/i0.wp.com\/arjemca.com\/store\/wp-content\/uploads\/2026\/03\/Flyer-3.png?resize=350%2C200&ssl=1 1x, https:\/\/i0.wp.com\/arjemca.com\/store\/wp-content\/uploads\/2026\/03\/Flyer-3.png?resize=525%2C300&ssl=1 1.5x, https:\/\/i0.wp.com\/arjemca.com\/store\/wp-content\/uploads\/2026\/03\/Flyer-3.png?resize=700%2C400&ssl=1 2x, https:\/\/i0.wp.com\/arjemca.com\/store\/wp-content\/uploads\/2026\/03\/Flyer-3.png?resize=1050%2C600&ssl=1 3x"},"classes":[]},{"id":229,"url":"https:\/\/arjemca.com\/store\/producto\/gente-toxica\/","url_meta":{"origin":417,"position":1},"title":"Gente T\u00f3xica","author":"Admin","date":"05\/07\/2025","format":false,"excerpt":"Enviar capture al celular:\u00a00416-8822572","rel":"","context":"Entrada similar","block_context":{"text":"Entrada similar","link":""},"img":{"alt_text":"","src":"https:\/\/i0.wp.com\/arjemca.com\/store\/wp-content\/uploads\/2025\/07\/Flyer.png?resize=350%2C200&ssl=1","width":350,"height":200,"srcset":"https:\/\/i0.wp.com\/arjemca.com\/store\/wp-content\/uploads\/2025\/07\/Flyer.png?resize=350%2C200&ssl=1 1x, https:\/\/i0.wp.com\/arjemca.com\/store\/wp-content\/uploads\/2025\/07\/Flyer.png?resize=525%2C300&ssl=1 1.5x, https:\/\/i0.wp.com\/arjemca.com\/store\/wp-content\/uploads\/2025\/07\/Flyer.png?resize=700%2C400&ssl=1 2x, https:\/\/i0.wp.com\/arjemca.com\/store\/wp-content\/uploads\/2025\/07\/Flyer.png?resize=1050%2C600&ssl=1 3x"},"classes":[]},{"id":415,"url":"https:\/\/arjemca.com\/store\/producto\/pasos-hacia-la-cumbre-del-exito\/","url_meta":{"origin":417,"position":2},"title":"Pasos hacia la Cumbre del Exito","author":"Admin","date":"06\/03\/2026","format":false,"excerpt":"Env\u00eda el capture al 0416-8822572","rel":"","context":"Entrada similar","block_context":{"text":"Entrada similar","link":""},"img":{"alt_text":"","src":"https:\/\/i0.wp.com\/arjemca.com\/store\/wp-content\/uploads\/2026\/03\/Flyer-Pasos-hacia-la-Cumbre-del-Exito.png?resize=350%2C200&ssl=1","width":350,"height":200,"srcset":"https:\/\/i0.wp.com\/arjemca.com\/store\/wp-content\/uploads\/2026\/03\/Flyer-Pasos-hacia-la-Cumbre-del-Exito.png?resize=350%2C200&ssl=1 1x, https:\/\/i0.wp.com\/arjemca.com\/store\/wp-content\/uploads\/2026\/03\/Flyer-Pasos-hacia-la-Cumbre-del-Exito.png?resize=525%2C300&ssl=1 1.5x, https:\/\/i0.wp.com\/arjemca.com\/store\/wp-content\/uploads\/2026\/03\/Flyer-Pasos-hacia-la-Cumbre-del-Exito.png?resize=700%2C400&ssl=1 2x, https:\/\/i0.wp.com\/arjemca.com\/store\/wp-content\/uploads\/2026\/03\/Flyer-Pasos-hacia-la-Cumbre-del-Exito.png?resize=1050%2C600&ssl=1 3x"},"classes":[]},{"id":243,"url":"https:\/\/arjemca.com\/store\/producto\/dinero-domina-el-juego\/","url_meta":{"origin":417,"position":3},"title":"Dinero domina el juego","author":"Admin","date":"20\/07\/2025","format":false,"excerpt":"Enviar capture al celular:\u00a00416-8822572 \u00a0","rel":"","context":"Entrada similar","block_context":{"text":"Entrada similar","link":""},"img":{"alt_text":"","src":"https:\/\/i0.wp.com\/arjemca.com\/store\/wp-content\/uploads\/2025\/07\/Flyer-5.png?resize=350%2C200&ssl=1","width":350,"height":200,"srcset":"https:\/\/i0.wp.com\/arjemca.com\/store\/wp-content\/uploads\/2025\/07\/Flyer-5.png?resize=350%2C200&ssl=1 1x, https:\/\/i0.wp.com\/arjemca.com\/store\/wp-content\/uploads\/2025\/07\/Flyer-5.png?resize=525%2C300&ssl=1 1.5x, https:\/\/i0.wp.com\/arjemca.com\/store\/wp-content\/uploads\/2025\/07\/Flyer-5.png?resize=700%2C400&ssl=1 2x, https:\/\/i0.wp.com\/arjemca.com\/store\/wp-content\/uploads\/2025\/07\/Flyer-5.png?resize=1050%2C600&ssl=1 3x"},"classes":[]},{"id":265,"url":"https:\/\/arjemca.com\/store\/producto\/los-secretos-de-la-mente-millonaria\/","url_meta":{"origin":417,"position":4},"title":"Los Secretos de la Mente Millonaria","author":"Admin","date":"08\/08\/2025","format":false,"excerpt":"Enviar capture al 0416-8822572","rel":"","context":"Entrada similar","block_context":{"text":"Entrada similar","link":""},"img":{"alt_text":"","src":"https:\/\/i0.wp.com\/arjemca.com\/store\/wp-content\/uploads\/2025\/08\/Flyer-4.png?resize=350%2C200&ssl=1","width":350,"height":200,"srcset":"https:\/\/i0.wp.com\/arjemca.com\/store\/wp-content\/uploads\/2025\/08\/Flyer-4.png?resize=350%2C200&ssl=1 1x, https:\/\/i0.wp.com\/arjemca.com\/store\/wp-content\/uploads\/2025\/08\/Flyer-4.png?resize=525%2C300&ssl=1 1.5x, https:\/\/i0.wp.com\/arjemca.com\/store\/wp-content\/uploads\/2025\/08\/Flyer-4.png?resize=700%2C400&ssl=1 2x, https:\/\/i0.wp.com\/arjemca.com\/store\/wp-content\/uploads\/2025\/08\/Flyer-4.png?resize=1050%2C600&ssl=1 3x"},"classes":[]},{"id":198,"url":"https:\/\/arjemca.com\/store\/producto\/los-88-peldanos-del-exito\/","url_meta":{"origin":417,"position":5},"title":"Los 88 Pelda\u00f1os del \u00c9xito","author":"Admin","date":"23\/05\/2025","format":false,"excerpt":"Enviar capture al celular:\u00a00416-8822572","rel":"","context":"Entrada similar","block_context":{"text":"Entrada similar","link":""},"img":{"alt_text":"","src":"https:\/\/i0.wp.com\/arjemca.com\/store\/wp-content\/uploads\/2025\/05\/Flyer.png?resize=350%2C200&ssl=1","width":350,"height":200,"srcset":"https:\/\/i0.wp.com\/arjemca.com\/store\/wp-content\/uploads\/2025\/05\/Flyer.png?resize=350%2C200&ssl=1 1x, https:\/\/i0.wp.com\/arjemca.com\/store\/wp-content\/uploads\/2025\/05\/Flyer.png?resize=525%2C300&ssl=1 1.5x, https:\/\/i0.wp.com\/arjemca.com\/store\/wp-content\/uploads\/2025\/05\/Flyer.png?resize=700%2C400&ssl=1 2x, https:\/\/i0.wp.com\/arjemca.com\/store\/wp-content\/uploads\/2025\/05\/Flyer.png?resize=1050%2C600&ssl=1 3x"},"classes":[]}],"_links":{"self":[{"href":"https:\/\/arjemca.com\/store\/wp-json\/wp\/v2\/product\/417","targetHints":{"allow":["GET"]}}],"collection":[{"href":"https:\/\/arjemca.com\/store\/wp-json\/wp\/v2\/product"}],"about":[{"href":"https:\/\/arjemca.com\/store\/wp-json\/wp\/v2\/types\/product"}],"replies":[{"embeddable":true,"href":"https:\/\/arjemca.com\/store\/wp-json\/wp\/v2\/comments?post=417"}],"wp:featuredmedia":[{"embeddable":true,"href":"https:\/\/arjemca.com\/store\/wp-json\/wp\/v2\/media\/418"}],"wp:attachment":[{"href":"https:\/\/arjemca.com\/store\/wp-json\/wp\/v2\/media?parent=417"}],"wp:term":[{"taxonomy":"product_brand","embeddable":true,"href":"https:\/\/arjemca.com\/store\/wp-json\/wp\/v2\/product_brand?post=417"},{"taxonomy":"product_cat","embeddable":true,"href":"https:\/\/arjemca.com\/store\/wp-json\/wp\/v2\/product_cat?post=417"},{"taxonomy":"product_tag","embeddable":true,"href":"https:\/\/arjemca.com\/store\/wp-json\/wp\/v2\/product_tag?post=417"}],"curies":[{"name":"wp","href":"https:\/\/api.w.org\/{rel}","templated":true}]}}