{"id":250,"date":"2025-07-20T21:38:56","date_gmt":"2025-07-21T01:38:56","guid":{"rendered":"https:\/\/arjemca.com\/store\/?post_type=product&#038;p=250"},"modified":"2025-08-08T23:17:02","modified_gmt":"2025-08-09T03:17:02","slug":"psicologia-de-ventas","status":"publish","type":"product","link":"https:\/\/arjemca.com\/store\/producto\/psicologia-de-ventas\/","title":{"rendered":"Psicolog\u00eda de Ventas"},"content":{"rendered":"<p>La Psicolog\u00eda de Ventas, tal como la describe Brian Tracy, es un campo que estudia las motivaciones humanas detr\u00e1s de las decisiones de compra para mejorar las t\u00e9cnicas de venta. Se enfoca en entender c\u00f3mo piensan y act\u00faan los clientes para influir en sus decisiones de compra de manera efectiva.<\/p>\n","protected":false},"excerpt":{"rendered":"<p>La Psicolog\u00eda de Ventas, tal como la describe Brian Tracy, es un campo que estudia las motivaciones humanas detr\u00e1s de las decisiones de compra para mejorar las t\u00e9cnicas de venta. Se enfoca en entender c\u00f3mo piensan y act\u00faan los clientes para influir en sus decisiones de compra de manera efectiva.<\/p>\n","protected":false},"featured_media":251,"comment_status":"open","ping_status":"closed","template":"","meta":{"jetpack_post_was_ever_published":false,"_joinchat":[],"jetpack_publicize_message":"","jetpack_publicize_feature_enabled":true,"jetpack_social_post_already_shared":true,"jetpack_social_options":{"image_generator_settings":{"template":"highway","default_image_id":0,"font":"","enabled":false},"version":2}},"product_brand":[28],"product_cat":[38],"product_tag":[39],"class_list":{"0":"post-250","1":"product","2":"type-product","3":"status-publish","4":"has-post-thumbnail","6":"product_brand-editorial-arjemca","7":"product_cat-e-books","8":"product_tag-ebooks","10":"first","11":"instock","12":"virtual","13":"taxable","14":"purchasable","15":"product-type-simple"},"jetpack_publicize_connections":[],"jetpack_sharing_enabled":true,"jetpack-related-posts":[{"id":413,"url":"https:\/\/arjemca.com\/store\/producto\/el-poder-de-tus-creencias\/","url_meta":{"origin":250,"position":0},"title":"El Poder de tus Creencias","author":"Admin","date":"06\/03\/2026","format":false,"excerpt":"Env\u00eda el capture al 0416-8822572","rel":"","context":"Entrada similar","block_context":{"text":"Entrada similar","link":""},"img":{"alt_text":"","src":"https:\/\/i0.wp.com\/arjemca.com\/store\/wp-content\/uploads\/2026\/03\/Flyer-6.png?resize=350%2C200&ssl=1","width":350,"height":200,"srcset":"https:\/\/i0.wp.com\/arjemca.com\/store\/wp-content\/uploads\/2026\/03\/Flyer-6.png?resize=350%2C200&ssl=1 1x, https:\/\/i0.wp.com\/arjemca.com\/store\/wp-content\/uploads\/2026\/03\/Flyer-6.png?resize=525%2C300&ssl=1 1.5x, https:\/\/i0.wp.com\/arjemca.com\/store\/wp-content\/uploads\/2026\/03\/Flyer-6.png?resize=700%2C400&ssl=1 2x, https:\/\/i0.wp.com\/arjemca.com\/store\/wp-content\/uploads\/2026\/03\/Flyer-6.png?resize=1050%2C600&ssl=1 3x"},"classes":[]},{"id":400,"url":"https:\/\/arjemca.com\/store\/producto\/las-4-leyes-de-las-oportunidades\/","url_meta":{"origin":250,"position":1},"title":"Las 4 Leyes de las Oportunidades","author":"Admin","date":"06\/03\/2026","format":false,"excerpt":"Env\u00eda el capture al 0416-8822572","rel":"","context":"Entrada similar","block_context":{"text":"Entrada similar","link":""},"img":{"alt_text":"","src":"https:\/\/i0.wp.com\/arjemca.com\/store\/wp-content\/uploads\/2026\/03\/Flyer.png?resize=350%2C200&ssl=1","width":350,"height":200,"srcset":"https:\/\/i0.wp.com\/arjemca.com\/store\/wp-content\/uploads\/2026\/03\/Flyer.png?resize=350%2C200&ssl=1 1x, https:\/\/i0.wp.com\/arjemca.com\/store\/wp-content\/uploads\/2026\/03\/Flyer.png?resize=525%2C300&ssl=1 1.5x, https:\/\/i0.wp.com\/arjemca.com\/store\/wp-content\/uploads\/2026\/03\/Flyer.png?resize=700%2C400&ssl=1 2x, https:\/\/i0.wp.com\/arjemca.com\/store\/wp-content\/uploads\/2026\/03\/Flyer.png?resize=1050%2C600&ssl=1 3x"},"classes":[]},{"id":419,"url":"https:\/\/arjemca.com\/store\/producto\/vendele-a-la-mente-no-a-la-gente\/","url_meta":{"origin":250,"position":2},"title":"Vendele a la Mente no a la Gente","author":"Admin","date":"10\/03\/2026","format":false,"excerpt":"Enviar capture al celular:\u00a00416-8822572","rel":"","context":"Entrada similar","block_context":{"text":"Entrada similar","link":""},"img":{"alt_text":"","src":"https:\/\/i0.wp.com\/arjemca.com\/store\/wp-content\/uploads\/2026\/03\/Flyer-8.png?resize=350%2C200&ssl=1","width":350,"height":200,"srcset":"https:\/\/i0.wp.com\/arjemca.com\/store\/wp-content\/uploads\/2026\/03\/Flyer-8.png?resize=350%2C200&ssl=1 1x, https:\/\/i0.wp.com\/arjemca.com\/store\/wp-content\/uploads\/2026\/03\/Flyer-8.png?resize=525%2C300&ssl=1 1.5x, https:\/\/i0.wp.com\/arjemca.com\/store\/wp-content\/uploads\/2026\/03\/Flyer-8.png?resize=700%2C400&ssl=1 2x, https:\/\/i0.wp.com\/arjemca.com\/store\/wp-content\/uploads\/2026\/03\/Flyer-8.png?resize=1050%2C600&ssl=1 3x"},"classes":[]},{"id":294,"url":"https:\/\/arjemca.com\/store\/producto\/patrones-miyuki\/","url_meta":{"origin":250,"position":3},"title":"Patrones Miyuki (En Oferta)","author":"Admin","date":"03\/01\/2026","format":false,"excerpt":"Hermosos Patrones en Miyuki","rel":"","context":"Entrada similar","block_context":{"text":"Entrada similar","link":""},"img":{"alt_text":"","src":"https:\/\/i0.wp.com\/arjemca.com\/store\/wp-content\/uploads\/2026\/01\/EBOOK-PATRONES-MIYUKI.png?resize=350%2C200&ssl=1","width":350,"height":200},"classes":[]},{"id":404,"url":"https:\/\/arjemca.com\/store\/producto\/actitud-de-vencedor\/","url_meta":{"origin":250,"position":4},"title":"Actitud de Vencedor","author":"Admin","date":"06\/03\/2026","format":false,"excerpt":"Env\u00eda el capture al 0416-8822572","rel":"","context":"Entrada similar","block_context":{"text":"Entrada similar","link":""},"img":{"alt_text":"","src":"https:\/\/i0.wp.com\/arjemca.com\/store\/wp-content\/uploads\/2026\/03\/Flyer-2.png?resize=350%2C200&ssl=1","width":350,"height":200,"srcset":"https:\/\/i0.wp.com\/arjemca.com\/store\/wp-content\/uploads\/2026\/03\/Flyer-2.png?resize=350%2C200&ssl=1 1x, https:\/\/i0.wp.com\/arjemca.com\/store\/wp-content\/uploads\/2026\/03\/Flyer-2.png?resize=525%2C300&ssl=1 1.5x, https:\/\/i0.wp.com\/arjemca.com\/store\/wp-content\/uploads\/2026\/03\/Flyer-2.png?resize=700%2C400&ssl=1 2x, https:\/\/i0.wp.com\/arjemca.com\/store\/wp-content\/uploads\/2026\/03\/Flyer-2.png?resize=1050%2C600&ssl=1 3x"},"classes":[]},{"id":240,"url":"https:\/\/arjemca.com\/store\/producto\/cartas-millonarias\/","url_meta":{"origin":250,"position":5},"title":"Cartas Millonarias","author":"Admin","date":"20\/07\/2025","format":false,"excerpt":"Enviar capture al celular:\u00a00416-8822572","rel":"","context":"Entrada similar","block_context":{"text":"Entrada similar","link":""},"img":{"alt_text":"","src":"https:\/\/i0.wp.com\/arjemca.com\/store\/wp-content\/uploads\/2025\/07\/Flyer-3.png?resize=350%2C200&ssl=1","width":350,"height":200,"srcset":"https:\/\/i0.wp.com\/arjemca.com\/store\/wp-content\/uploads\/2025\/07\/Flyer-3.png?resize=350%2C200&ssl=1 1x, https:\/\/i0.wp.com\/arjemca.com\/store\/wp-content\/uploads\/2025\/07\/Flyer-3.png?resize=525%2C300&ssl=1 1.5x, https:\/\/i0.wp.com\/arjemca.com\/store\/wp-content\/uploads\/2025\/07\/Flyer-3.png?resize=700%2C400&ssl=1 2x, https:\/\/i0.wp.com\/arjemca.com\/store\/wp-content\/uploads\/2025\/07\/Flyer-3.png?resize=1050%2C600&ssl=1 3x"},"classes":[]}],"_links":{"self":[{"href":"https:\/\/arjemca.com\/store\/wp-json\/wp\/v2\/product\/250","targetHints":{"allow":["GET"]}}],"collection":[{"href":"https:\/\/arjemca.com\/store\/wp-json\/wp\/v2\/product"}],"about":[{"href":"https:\/\/arjemca.com\/store\/wp-json\/wp\/v2\/types\/product"}],"replies":[{"embeddable":true,"href":"https:\/\/arjemca.com\/store\/wp-json\/wp\/v2\/comments?post=250"}],"wp:featuredmedia":[{"embeddable":true,"href":"https:\/\/arjemca.com\/store\/wp-json\/wp\/v2\/media\/251"}],"wp:attachment":[{"href":"https:\/\/arjemca.com\/store\/wp-json\/wp\/v2\/media?parent=250"}],"wp:term":[{"taxonomy":"product_brand","embeddable":true,"href":"https:\/\/arjemca.com\/store\/wp-json\/wp\/v2\/product_brand?post=250"},{"taxonomy":"product_cat","embeddable":true,"href":"https:\/\/arjemca.com\/store\/wp-json\/wp\/v2\/product_cat?post=250"},{"taxonomy":"product_tag","embeddable":true,"href":"https:\/\/arjemca.com\/store\/wp-json\/wp\/v2\/product_tag?post=250"}],"curies":[{"name":"wp","href":"https:\/\/api.w.org\/{rel}","templated":true}]}}