{"id":248,"date":"2025-07-20T21:35:34","date_gmt":"2025-07-21T01:35:34","guid":{"rendered":"https:\/\/arjemca.com\/store\/?post_type=product&#038;p=248"},"modified":"2025-08-08T23:17:18","modified_gmt":"2025-08-09T03:17:18","slug":"enfocate","status":"publish","type":"product","link":"https:\/\/arjemca.com\/store\/producto\/enfocate\/","title":{"rendered":"Enf\u00f3cate"},"content":{"rendered":"<p>\u00abEnf\u00f3cate\u00bb de Cal Newport describe c\u00f3mo desarrollar una concentraci\u00f3n profunda para lograr un mayor \u00e9xito profesional y personal en un mundo lleno de distracciones. El libro propone cuatro reglas para cultivar la capacidad de enfocarse en tareas cognitivamente exigentes, alej\u00e1ndose de las distracciones y cultivando el \u00abtrabajo profundo\u00bb.<\/p>\n","protected":false},"excerpt":{"rendered":"<p><a href=\"https:\/\/arjemca.com\/store\/wp-content\/uploads\/2025\/05\/pago_movil.png\"><img loading=\"lazy\" decoding=\"async\" class=\"alignnone size-full wp-image-196\" src=\"https:\/\/arjemca.com\/store\/wp-content\/uploads\/2025\/05\/pago_movil.png\" alt=\"\" width=\"272\" height=\"414\" srcset=\"https:\/\/arjemca.com\/store\/wp-content\/uploads\/2025\/05\/pago_movil.png 272w, https:\/\/arjemca.com\/store\/wp-content\/uploads\/2025\/05\/pago_movil-197x300.png 197w, https:\/\/arjemca.com\/store\/wp-content\/uploads\/2025\/05\/pago_movil-131x200.png 131w\" sizes=\"auto, (max-width: 272px) 100vw, 272px\" \/><\/a><\/p>\n<p>Enviar capture al celular: 0416-8822572<\/p>\n","protected":false},"featured_media":249,"comment_status":"open","ping_status":"closed","template":"","meta":{"jetpack_post_was_ever_published":false,"_joinchat":[],"jetpack_publicize_message":"","jetpack_publicize_feature_enabled":true,"jetpack_social_post_already_shared":true,"jetpack_social_options":{"image_generator_settings":{"template":"highway","default_image_id":0,"font":"","enabled":false},"version":2}},"product_brand":[28],"product_cat":[38],"product_tag":[39],"class_list":{"0":"post-248","1":"product","2":"type-product","3":"status-publish","4":"has-post-thumbnail","6":"product_brand-editorial-arjemca","7":"product_cat-e-books","8":"product_tag-ebooks","10":"first","11":"instock","12":"virtual","13":"taxable","14":"purchasable","15":"product-type-simple"},"jetpack_publicize_connections":[],"jetpack_sharing_enabled":true,"jetpack-related-posts":[{"id":413,"url":"https:\/\/arjemca.com\/store\/producto\/el-poder-de-tus-creencias\/","url_meta":{"origin":248,"position":0},"title":"El Poder de tus Creencias","author":"Admin","date":"06\/03\/2026","format":false,"excerpt":"Env\u00eda el capture al 0416-8822572","rel":"","context":"Entrada similar","block_context":{"text":"Entrada similar","link":""},"img":{"alt_text":"","src":"https:\/\/i0.wp.com\/arjemca.com\/store\/wp-content\/uploads\/2026\/03\/Flyer-6.png?resize=350%2C200&ssl=1","width":350,"height":200,"srcset":"https:\/\/i0.wp.com\/arjemca.com\/store\/wp-content\/uploads\/2026\/03\/Flyer-6.png?resize=350%2C200&ssl=1 1x, https:\/\/i0.wp.com\/arjemca.com\/store\/wp-content\/uploads\/2026\/03\/Flyer-6.png?resize=525%2C300&ssl=1 1.5x, https:\/\/i0.wp.com\/arjemca.com\/store\/wp-content\/uploads\/2026\/03\/Flyer-6.png?resize=700%2C400&ssl=1 2x, https:\/\/i0.wp.com\/arjemca.com\/store\/wp-content\/uploads\/2026\/03\/Flyer-6.png?resize=1050%2C600&ssl=1 3x"},"classes":[]},{"id":411,"url":"https:\/\/arjemca.com\/store\/producto\/solo-una-cosa\/","url_meta":{"origin":248,"position":1},"title":"Solo una Cosa","author":"Admin","date":"06\/03\/2026","format":false,"excerpt":"Env\u00eda el capture al 0416-8822572","rel":"","context":"Entrada similar","block_context":{"text":"Entrada similar","link":""},"img":{"alt_text":"","src":"https:\/\/i0.wp.com\/arjemca.com\/store\/wp-content\/uploads\/2026\/03\/Flyer-5.png?resize=350%2C200&ssl=1","width":350,"height":200,"srcset":"https:\/\/i0.wp.com\/arjemca.com\/store\/wp-content\/uploads\/2026\/03\/Flyer-5.png?resize=350%2C200&ssl=1 1x, https:\/\/i0.wp.com\/arjemca.com\/store\/wp-content\/uploads\/2026\/03\/Flyer-5.png?resize=525%2C300&ssl=1 1.5x, https:\/\/i0.wp.com\/arjemca.com\/store\/wp-content\/uploads\/2026\/03\/Flyer-5.png?resize=700%2C400&ssl=1 2x, https:\/\/i0.wp.com\/arjemca.com\/store\/wp-content\/uploads\/2026\/03\/Flyer-5.png?resize=1050%2C600&ssl=1 3x"},"classes":[]}],"_links":{"self":[{"href":"https:\/\/arjemca.com\/store\/wp-json\/wp\/v2\/product\/248","targetHints":{"allow":["GET"]}}],"collection":[{"href":"https:\/\/arjemca.com\/store\/wp-json\/wp\/v2\/product"}],"about":[{"href":"https:\/\/arjemca.com\/store\/wp-json\/wp\/v2\/types\/product"}],"replies":[{"embeddable":true,"href":"https:\/\/arjemca.com\/store\/wp-json\/wp\/v2\/comments?post=248"}],"wp:featuredmedia":[{"embeddable":true,"href":"https:\/\/arjemca.com\/store\/wp-json\/wp\/v2\/media\/249"}],"wp:attachment":[{"href":"https:\/\/arjemca.com\/store\/wp-json\/wp\/v2\/media?parent=248"}],"wp:term":[{"taxonomy":"product_brand","embeddable":true,"href":"https:\/\/arjemca.com\/store\/wp-json\/wp\/v2\/product_brand?post=248"},{"taxonomy":"product_cat","embeddable":true,"href":"https:\/\/arjemca.com\/store\/wp-json\/wp\/v2\/product_cat?post=248"},{"taxonomy":"product_tag","embeddable":true,"href":"https:\/\/arjemca.com\/store\/wp-json\/wp\/v2\/product_tag?post=248"}],"curies":[{"name":"wp","href":"https:\/\/api.w.org\/{rel}","templated":true}]}}