{"id":233,"date":"2025-07-05T11:33:35","date_gmt":"2025-07-05T15:33:35","guid":{"rendered":"https:\/\/arjemca.com\/store\/?post_type=product&#038;p=233"},"modified":"2026-03-06T21:12:15","modified_gmt":"2026-03-07T01:12:15","slug":"controle-su-ira-antes-de-que-ella-le-controle-a-usted","status":"publish","type":"product","link":"https:\/\/arjemca.com\/store\/producto\/controle-su-ira-antes-de-que-ella-le-controle-a-usted\/","title":{"rendered":"Controle su Ira antes de que ella le controle a usted"},"content":{"rendered":"<p><b>La ira es un fen\u00f3meno universal que, si no se controla, puede ocasionar graves da\u00f1os: la ruptura de una relaci\u00f3n, la p\u00e9rdida de nuestro trabajo o incluso una enfermedad grave<\/b>. Sin embargo, en nuestra \u00e9poca, cuando el estr\u00e9s es cada vez mayor, \u00bfqui\u00e9n no se ha dejado llevar por ella en alguna ocasi\u00f3n?<\/p>\n","protected":false},"excerpt":{"rendered":"<p><a href=\"https:\/\/arjemca.com\/store\/wp-content\/uploads\/2025\/05\/pago_movil.png\"><img loading=\"lazy\" decoding=\"async\" class=\"alignnone size-full wp-image-196\" src=\"https:\/\/arjemca.com\/store\/wp-content\/uploads\/2025\/05\/pago_movil.png\" alt=\"\" width=\"272\" height=\"414\" srcset=\"https:\/\/arjemca.com\/store\/wp-content\/uploads\/2025\/05\/pago_movil.png 272w, https:\/\/arjemca.com\/store\/wp-content\/uploads\/2025\/05\/pago_movil-197x300.png 197w, https:\/\/arjemca.com\/store\/wp-content\/uploads\/2025\/05\/pago_movil-131x200.png 131w\" sizes=\"auto, (max-width: 272px) 100vw, 272px\" \/><\/a><\/p>\n<p>Enviar capture al celular:\u00a0<strong>0416-8822572<\/strong><\/p>\n","protected":false},"featured_media":232,"comment_status":"open","ping_status":"closed","template":"","meta":{"jetpack_post_was_ever_published":false,"_joinchat":[],"jetpack_publicize_message":"","jetpack_publicize_feature_enabled":true,"jetpack_social_post_already_shared":true,"jetpack_social_options":{"image_generator_settings":{"template":"highway","default_image_id":0,"font":"","enabled":false},"version":2}},"product_brand":[28],"product_cat":[38],"product_tag":[39],"class_list":{"0":"post-233","1":"product","2":"type-product","3":"status-publish","4":"has-post-thumbnail","6":"product_brand-editorial-arjemca","7":"product_cat-e-books","8":"product_tag-ebooks","10":"first","11":"instock","12":"virtual","13":"taxable","14":"purchasable","15":"product-type-simple"},"jetpack_publicize_connections":[],"jetpack_sharing_enabled":true,"jetpack-related-posts":[{"id":243,"url":"https:\/\/arjemca.com\/store\/producto\/dinero-domina-el-juego\/","url_meta":{"origin":233,"position":0},"title":"Dinero domina el juego","author":"Admin","date":"20\/07\/2025","format":false,"excerpt":"Enviar capture al celular:\u00a00416-8822572 \u00a0","rel":"","context":"Entrada similar","block_context":{"text":"Entrada similar","link":""},"img":{"alt_text":"","src":"https:\/\/i0.wp.com\/arjemca.com\/store\/wp-content\/uploads\/2025\/07\/Flyer-5.png?resize=350%2C200&ssl=1","width":350,"height":200,"srcset":"https:\/\/i0.wp.com\/arjemca.com\/store\/wp-content\/uploads\/2025\/07\/Flyer-5.png?resize=350%2C200&ssl=1 1x, https:\/\/i0.wp.com\/arjemca.com\/store\/wp-content\/uploads\/2025\/07\/Flyer-5.png?resize=525%2C300&ssl=1 1.5x, https:\/\/i0.wp.com\/arjemca.com\/store\/wp-content\/uploads\/2025\/07\/Flyer-5.png?resize=700%2C400&ssl=1 2x, https:\/\/i0.wp.com\/arjemca.com\/store\/wp-content\/uploads\/2025\/07\/Flyer-5.png?resize=1050%2C600&ssl=1 3x"},"classes":[]}],"_links":{"self":[{"href":"https:\/\/arjemca.com\/store\/wp-json\/wp\/v2\/product\/233","targetHints":{"allow":["GET"]}}],"collection":[{"href":"https:\/\/arjemca.com\/store\/wp-json\/wp\/v2\/product"}],"about":[{"href":"https:\/\/arjemca.com\/store\/wp-json\/wp\/v2\/types\/product"}],"replies":[{"embeddable":true,"href":"https:\/\/arjemca.com\/store\/wp-json\/wp\/v2\/comments?post=233"}],"wp:featuredmedia":[{"embeddable":true,"href":"https:\/\/arjemca.com\/store\/wp-json\/wp\/v2\/media\/232"}],"wp:attachment":[{"href":"https:\/\/arjemca.com\/store\/wp-json\/wp\/v2\/media?parent=233"}],"wp:term":[{"taxonomy":"product_brand","embeddable":true,"href":"https:\/\/arjemca.com\/store\/wp-json\/wp\/v2\/product_brand?post=233"},{"taxonomy":"product_cat","embeddable":true,"href":"https:\/\/arjemca.com\/store\/wp-json\/wp\/v2\/product_cat?post=233"},{"taxonomy":"product_tag","embeddable":true,"href":"https:\/\/arjemca.com\/store\/wp-json\/wp\/v2\/product_tag?post=233"}],"curies":[{"name":"wp","href":"https:\/\/api.w.org\/{rel}","templated":true}]}}