{"id":229,"date":"2025-07-05T11:25:49","date_gmt":"2025-07-05T15:25:49","guid":{"rendered":"https:\/\/arjemca.com\/store\/?post_type=product&#038;p=229"},"modified":"2026-03-06T21:12:28","modified_gmt":"2026-03-07T01:12:28","slug":"gente-toxica","status":"publish","type":"product","link":"https:\/\/arjemca.com\/store\/producto\/gente-toxica\/","title":{"rendered":"Gente T\u00f3xica"},"content":{"rendered":"<p>Las personas que nos complican la vida, y c\u00f3mo evitar que sigan haciendolo.<\/p>\n<p>En nuestra vida cotidiana no podemos evitar encontrarnos con personas problem\u00e1ticas. Jefes autoritarios y descalificadores, vecinos quejosos, compa\u00f1eros de trabajo o estudio envidiosos, parientes que siempre nos echan la culpa de todo, hombres y mujeres arrogantes, irascibles o mentirosos&#8230; Todas estas personas \u00abt\u00f3xicas\u00bb nos producen malestar, pero algunas pueden arruinarnos la vida, destruir nuestros sue\u00f1os o alejarnos de nuestras metas.<\/p>\n<p>\u00bfC\u00f3mo reconocer a la gente \u00abt\u00f3xica\u00bb?<\/p>\n<p>\u00bfC\u00f3mo protegernos y ponerles l\u00edmites?<\/p>\n<p>Bernardo Stamateas responde a estas preguntas con claridad y convicci\u00f3n. Sus consejos nos ayudar\u00e1n a hacer nuestras relaciones personales m\u00e1s saludables y positivas. En definitiva, nos ayudar\u00e1n a ser mucho m\u00e1s felices.<\/p>\n","protected":false},"excerpt":{"rendered":"<p><a href=\"https:\/\/arjemca.com\/store\/wp-content\/uploads\/2025\/05\/pago_movil.png\"><img loading=\"lazy\" decoding=\"async\" class=\"alignnone size-full wp-image-196\" src=\"https:\/\/arjemca.com\/store\/wp-content\/uploads\/2025\/05\/pago_movil.png\" alt=\"\" width=\"272\" height=\"414\" srcset=\"https:\/\/arjemca.com\/store\/wp-content\/uploads\/2025\/05\/pago_movil.png 272w, https:\/\/arjemca.com\/store\/wp-content\/uploads\/2025\/05\/pago_movil-197x300.png 197w, https:\/\/arjemca.com\/store\/wp-content\/uploads\/2025\/05\/pago_movil-131x200.png 131w\" sizes=\"auto, (max-width: 272px) 100vw, 272px\" \/><\/a><\/p>\n<p>Enviar capture al celular:\u00a0<strong>0416-8822572<\/strong><\/p>\n","protected":false},"featured_media":230,"comment_status":"open","ping_status":"closed","template":"","meta":{"jetpack_post_was_ever_published":false,"_joinchat":[],"jetpack_publicize_message":"","jetpack_publicize_feature_enabled":true,"jetpack_social_post_already_shared":true,"jetpack_social_options":{"image_generator_settings":{"template":"highway","default_image_id":0,"font":"","enabled":false},"version":2}},"product_brand":[28],"product_cat":[38],"product_tag":[39],"class_list":{"0":"post-229","1":"product","2":"type-product","3":"status-publish","4":"has-post-thumbnail","6":"product_brand-editorial-arjemca","7":"product_cat-e-books","8":"product_tag-ebooks","10":"first","11":"instock","12":"virtual","13":"taxable","14":"purchasable","15":"product-type-simple"},"jetpack_publicize_connections":[],"jetpack_sharing_enabled":true,"jetpack-related-posts":[{"id":245,"url":"https:\/\/arjemca.com\/store\/producto\/emociones-toxicas\/","url_meta":{"origin":229,"position":0},"title":"Emociones T\u00f3xicas","author":"Admin","date":"20\/07\/2025","format":false,"excerpt":"Enviar capture al celular: 0416-8822572","rel":"","context":"Entrada similar","block_context":{"text":"Entrada similar","link":""},"img":{"alt_text":"","src":"https:\/\/i0.wp.com\/arjemca.com\/store\/wp-content\/uploads\/2025\/07\/Flyer-6.png?resize=350%2C200&ssl=1","width":350,"height":200,"srcset":"https:\/\/i0.wp.com\/arjemca.com\/store\/wp-content\/uploads\/2025\/07\/Flyer-6.png?resize=350%2C200&ssl=1 1x, https:\/\/i0.wp.com\/arjemca.com\/store\/wp-content\/uploads\/2025\/07\/Flyer-6.png?resize=525%2C300&ssl=1 1.5x, https:\/\/i0.wp.com\/arjemca.com\/store\/wp-content\/uploads\/2025\/07\/Flyer-6.png?resize=700%2C400&ssl=1 2x, https:\/\/i0.wp.com\/arjemca.com\/store\/wp-content\/uploads\/2025\/07\/Flyer-6.png?resize=1050%2C600&ssl=1 3x"},"classes":[]},{"id":406,"url":"https:\/\/arjemca.com\/store\/producto\/metas\/","url_meta":{"origin":229,"position":1},"title":"Metas","author":"Admin","date":"06\/03\/2026","format":false,"excerpt":"Env\u00eda el capture al 0416-8822572","rel":"","context":"Entrada similar","block_context":{"text":"Entrada similar","link":""},"img":{"alt_text":"","src":"https:\/\/i0.wp.com\/arjemca.com\/store\/wp-content\/uploads\/2026\/03\/Flyer-3.png?resize=350%2C200&ssl=1","width":350,"height":200,"srcset":"https:\/\/i0.wp.com\/arjemca.com\/store\/wp-content\/uploads\/2026\/03\/Flyer-3.png?resize=350%2C200&ssl=1 1x, https:\/\/i0.wp.com\/arjemca.com\/store\/wp-content\/uploads\/2026\/03\/Flyer-3.png?resize=525%2C300&ssl=1 1.5x, https:\/\/i0.wp.com\/arjemca.com\/store\/wp-content\/uploads\/2026\/03\/Flyer-3.png?resize=700%2C400&ssl=1 2x, https:\/\/i0.wp.com\/arjemca.com\/store\/wp-content\/uploads\/2026\/03\/Flyer-3.png?resize=1050%2C600&ssl=1 3x"},"classes":[]},{"id":423,"url":"https:\/\/arjemca.com\/store\/producto\/25-maneras-de-ganarse-a-la-gente\/","url_meta":{"origin":229,"position":2},"title":"25 Maneras de Ganarse a la Gente","author":"Admin","date":"11\/03\/2026","format":false,"excerpt":"Enviar capture al celular:\u00a00416-8822572","rel":"","context":"Entrada similar","block_context":{"text":"Entrada similar","link":""},"img":{"alt_text":"","src":"https:\/\/i0.wp.com\/arjemca.com\/store\/wp-content\/uploads\/2026\/03\/Flyer-9.png?resize=350%2C200&ssl=1","width":350,"height":200,"srcset":"https:\/\/i0.wp.com\/arjemca.com\/store\/wp-content\/uploads\/2026\/03\/Flyer-9.png?resize=350%2C200&ssl=1 1x, https:\/\/i0.wp.com\/arjemca.com\/store\/wp-content\/uploads\/2026\/03\/Flyer-9.png?resize=525%2C300&ssl=1 1.5x, https:\/\/i0.wp.com\/arjemca.com\/store\/wp-content\/uploads\/2026\/03\/Flyer-9.png?resize=700%2C400&ssl=1 2x, https:\/\/i0.wp.com\/arjemca.com\/store\/wp-content\/uploads\/2026\/03\/Flyer-9.png?resize=1050%2C600&ssl=1 3x"},"classes":[]},{"id":198,"url":"https:\/\/arjemca.com\/store\/producto\/los-88-peldanos-del-exito\/","url_meta":{"origin":229,"position":3},"title":"Los 88 Pelda\u00f1os del \u00c9xito","author":"Admin","date":"23\/05\/2025","format":false,"excerpt":"Enviar capture al celular:\u00a00416-8822572","rel":"","context":"Entrada similar","block_context":{"text":"Entrada similar","link":""},"img":{"alt_text":"","src":"https:\/\/i0.wp.com\/arjemca.com\/store\/wp-content\/uploads\/2025\/05\/Flyer.png?resize=350%2C200&ssl=1","width":350,"height":200,"srcset":"https:\/\/i0.wp.com\/arjemca.com\/store\/wp-content\/uploads\/2025\/05\/Flyer.png?resize=350%2C200&ssl=1 1x, https:\/\/i0.wp.com\/arjemca.com\/store\/wp-content\/uploads\/2025\/05\/Flyer.png?resize=525%2C300&ssl=1 1.5x, https:\/\/i0.wp.com\/arjemca.com\/store\/wp-content\/uploads\/2025\/05\/Flyer.png?resize=700%2C400&ssl=1 2x, https:\/\/i0.wp.com\/arjemca.com\/store\/wp-content\/uploads\/2025\/05\/Flyer.png?resize=1050%2C600&ssl=1 3x"},"classes":[]},{"id":234,"url":"https:\/\/arjemca.com\/store\/producto\/despertando-al-gigante-interior\/","url_meta":{"origin":229,"position":4},"title":"Despertando al Gigante Interior","author":"Admin","date":"05\/07\/2025","format":false,"excerpt":"Enviar capture al celular:\u00a00416-8822572","rel":"","context":"Entrada similar","block_context":{"text":"Entrada similar","link":""},"img":{"alt_text":"","src":"https:\/\/i0.wp.com\/arjemca.com\/store\/wp-content\/uploads\/2025\/07\/Flyer-2.png?resize=350%2C200&ssl=1","width":350,"height":200,"srcset":"https:\/\/i0.wp.com\/arjemca.com\/store\/wp-content\/uploads\/2025\/07\/Flyer-2.png?resize=350%2C200&ssl=1 1x, https:\/\/i0.wp.com\/arjemca.com\/store\/wp-content\/uploads\/2025\/07\/Flyer-2.png?resize=525%2C300&ssl=1 1.5x, https:\/\/i0.wp.com\/arjemca.com\/store\/wp-content\/uploads\/2025\/07\/Flyer-2.png?resize=700%2C400&ssl=1 2x, https:\/\/i0.wp.com\/arjemca.com\/store\/wp-content\/uploads\/2025\/07\/Flyer-2.png?resize=1050%2C600&ssl=1 3x"},"classes":[]},{"id":415,"url":"https:\/\/arjemca.com\/store\/producto\/pasos-hacia-la-cumbre-del-exito\/","url_meta":{"origin":229,"position":5},"title":"Pasos hacia la Cumbre del Exito","author":"Admin","date":"06\/03\/2026","format":false,"excerpt":"Env\u00eda el capture al 0416-8822572","rel":"","context":"Entrada similar","block_context":{"text":"Entrada similar","link":""},"img":{"alt_text":"","src":"https:\/\/i0.wp.com\/arjemca.com\/store\/wp-content\/uploads\/2026\/03\/Flyer-Pasos-hacia-la-Cumbre-del-Exito.png?resize=350%2C200&ssl=1","width":350,"height":200,"srcset":"https:\/\/i0.wp.com\/arjemca.com\/store\/wp-content\/uploads\/2026\/03\/Flyer-Pasos-hacia-la-Cumbre-del-Exito.png?resize=350%2C200&ssl=1 1x, https:\/\/i0.wp.com\/arjemca.com\/store\/wp-content\/uploads\/2026\/03\/Flyer-Pasos-hacia-la-Cumbre-del-Exito.png?resize=525%2C300&ssl=1 1.5x, https:\/\/i0.wp.com\/arjemca.com\/store\/wp-content\/uploads\/2026\/03\/Flyer-Pasos-hacia-la-Cumbre-del-Exito.png?resize=700%2C400&ssl=1 2x, https:\/\/i0.wp.com\/arjemca.com\/store\/wp-content\/uploads\/2026\/03\/Flyer-Pasos-hacia-la-Cumbre-del-Exito.png?resize=1050%2C600&ssl=1 3x"},"classes":[]}],"_links":{"self":[{"href":"https:\/\/arjemca.com\/store\/wp-json\/wp\/v2\/product\/229","targetHints":{"allow":["GET"]}}],"collection":[{"href":"https:\/\/arjemca.com\/store\/wp-json\/wp\/v2\/product"}],"about":[{"href":"https:\/\/arjemca.com\/store\/wp-json\/wp\/v2\/types\/product"}],"replies":[{"embeddable":true,"href":"https:\/\/arjemca.com\/store\/wp-json\/wp\/v2\/comments?post=229"}],"wp:featuredmedia":[{"embeddable":true,"href":"https:\/\/arjemca.com\/store\/wp-json\/wp\/v2\/media\/230"}],"wp:attachment":[{"href":"https:\/\/arjemca.com\/store\/wp-json\/wp\/v2\/media?parent=229"}],"wp:term":[{"taxonomy":"product_brand","embeddable":true,"href":"https:\/\/arjemca.com\/store\/wp-json\/wp\/v2\/product_brand?post=229"},{"taxonomy":"product_cat","embeddable":true,"href":"https:\/\/arjemca.com\/store\/wp-json\/wp\/v2\/product_cat?post=229"},{"taxonomy":"product_tag","embeddable":true,"href":"https:\/\/arjemca.com\/store\/wp-json\/wp\/v2\/product_tag?post=229"}],"curies":[{"name":"wp","href":"https:\/\/api.w.org\/{rel}","templated":true}]}}